{"id":188,"date":"2024-08-16T16:21:52","date_gmt":"2024-08-16T08:21:52","guid":{"rendered":"https:\/\/ailiperfume.com\/?page_id=188"},"modified":"2024-09-09T08:46:09","modified_gmt":"2024-09-09T00:46:09","slug":"news","status":"publish","type":"page","link":"https:\/\/ailiperfume.com\/es\/news","title":{"rendered":"NOTICIAS"},"content":{"rendered":"<div data-elementor-type=\"wp-page\" data-elementor-id=\"188\" class=\"elementor elementor-188\" data-elementor-post-type=\"page\">\n\t\t\t\t\t\t<section class=\"elementor-section elementor-top-section elementor-element elementor-element-5feb05ff elementor-section-boxed elementor-section-height-default elementor-section-height-default\" data-id=\"5feb05ff\" data-element_type=\"section\" data-e-type=\"section\" data-settings=\"{&quot;background_background&quot;:&quot;classic&quot;}\">\n\t\t\t\t\t\t\t<div class=\"elementor-background-overlay\"><\/div>\n\t\t\t\t\t\t\t<div class=\"elementor-container elementor-column-gap-no\">\n\t\t\t\t\t<div class=\"elementor-column elementor-col-50 elementor-top-column elementor-element elementor-element-6915acbf\" data-id=\"6915acbf\" data-element_type=\"column\" data-e-type=\"column\">\n\t\t\t<div class=\"elementor-widget-wrap elementor-element-populated\">\n\t\t\t\t\t\t<div class=\"elementor-element elementor-element-35ff3a82 elementor-widget elementor-widget-heading\" data-id=\"35ff3a82\" data-element_type=\"widget\" data-e-type=\"widget\" data-widget_type=\"heading.default\">\n\t\t\t\t<div class=\"elementor-widget-container\">\n\t\t\t\t\t<h2 class=\"elementor-heading-title elementor-size-default\">Noticias<\/h2>\t\t\t\t<\/div>\n\t\t\t\t<\/div>\n\t\t\t\t<div class=\"elementor-element elementor-element-2a42956c elementor-widget__width-auto elementor-widget elementor-widget-text-editor\" data-id=\"2a42956c\" data-element_type=\"widget\" data-e-type=\"widget\" data-widget_type=\"text-editor.default\">\n\t\t\t\t<div class=\"elementor-widget-container\">\n\t\t\t\t\t\t\t\t\tInicio\t\t\t\t\t\t\t\t<\/div>\n\t\t\t\t<\/div>\n\t\t\t\t<div class=\"elementor-element elementor-element-6cbf211b elementor-widget__width-auto elementor-view-default elementor-widget elementor-widget-icon\" data-id=\"6cbf211b\" data-element_type=\"widget\" data-e-type=\"widget\" data-widget_type=\"icon.default\">\n\t\t\t\t<div class=\"elementor-widget-container\">\n\t\t\t\t\t\t\t<div class=\"elementor-icon-wrapper\">\n\t\t\t<div class=\"elementor-icon\">\n\t\t\t<i aria-hidden=\"true\" class=\"jki jki-right-arrow-3\"><\/i>\t\t\t<\/div>\n\t\t<\/div>\n\t\t\t\t\t\t<\/div>\n\t\t\t\t<\/div>\n\t\t\t\t<div class=\"elementor-element elementor-element-e11b9b6 elementor-widget__width-auto elementor-widget elementor-widget-text-editor\" data-id=\"e11b9b6\" data-element_type=\"widget\" data-e-type=\"widget\" data-widget_type=\"text-editor.default\">\n\t\t\t\t<div class=\"elementor-widget-container\">\n\t\t\t\t\t\t\t\t\t<p>Noticias<\/p>\t\t\t\t\t\t\t\t<\/div>\n\t\t\t\t<\/div>\n\t\t\t\t\t<\/div>\n\t\t<\/div>\n\t\t\t\t<div class=\"elementor-column elementor-col-50 elementor-top-column elementor-element elementor-element-728ed528\" data-id=\"728ed528\" data-element_type=\"column\" data-e-type=\"column\">\n\t\t\t<div class=\"elementor-widget-wrap\">\n\t\t\t\t\t\t\t<\/div>\n\t\t<\/div>\n\t\t\t\t\t<\/div>\n\t\t<\/section>\n\t\t<div class=\"elementor-element elementor-element-28f2157 e-flex e-con-boxed e-con e-parent\" data-id=\"28f2157\" data-element_type=\"container\" data-e-type=\"container\">\n\t\t\t\t\t<div class=\"e-con-inner\">\n\t\t\t\t<div class=\"elementor-element elementor-element-0123e43 elementor-grid-3 elementor-grid-tablet-2 elementor-grid-mobile-1 elementor-posts--thumbnail-top elementor-widget elementor-widget-posts\" data-id=\"0123e43\" data-element_type=\"widget\" data-e-type=\"widget\" data-settings=\"{&quot;classic_columns&quot;:&quot;3&quot;,&quot;classic_columns_tablet&quot;:&quot;2&quot;,&quot;classic_columns_mobile&quot;:&quot;1&quot;,&quot;classic_row_gap&quot;:{&quot;unit&quot;:&quot;px&quot;,&quot;size&quot;:35,&quot;sizes&quot;:[]},&quot;classic_row_gap_tablet&quot;:{&quot;unit&quot;:&quot;px&quot;,&quot;size&quot;:&quot;&quot;,&quot;sizes&quot;:[]},&quot;classic_row_gap_mobile&quot;:{&quot;unit&quot;:&quot;px&quot;,&quot;size&quot;:&quot;&quot;,&quot;sizes&quot;:[]}}\" data-widget_type=\"posts.classic\">\n\t\t\t\t<div class=\"elementor-widget-container\">\n\t\t\t\t\t\t\t<div class=\"elementor-posts-container elementor-posts elementor-posts--skin-classic elementor-grid\" role=\"list\">\n\t\t\t\t<article class=\"elementor-post elementor-grid-item post-5121 post type-post status-publish format-standard has-post-thumbnail hentry category-uncategorized\" role=\"listitem\">\n\t\t\t\t<a class=\"elementor-post__thumbnail__link\" href=\"https:\/\/ailiperfume.com\/es\/archives\/5121\" tabindex=\"-1\" >\n\t\t\t<div class=\"elementor-post__thumbnail\"><img fetchpriority=\"high\" decoding=\"async\" width=\"300\" height=\"200\" src=\"https:\/\/ailiperfume.com\/wp-content\/uploads\/2024\/11\/6-300x200.jpg\" class=\"attachment-medium size-medium wp-image-5124\" alt=\"\" srcset=\"https:\/\/ailiperfume.com\/wp-content\/uploads\/2024\/11\/6-300x200.jpg 300w, https:\/\/ailiperfume.com\/wp-content\/uploads\/2024\/11\/6-18x12.jpg 18w, https:\/\/ailiperfume.com\/wp-content\/uploads\/2024\/11\/6.jpg 600w\" sizes=\"(max-width: 300px) 100vw, 300px\" \/><\/div>\n\t\t<\/a>\n\t\t\t\t<div class=\"elementor-post__text\">\n\t\t\t\t<h3 class=\"elementor-post__title\">\n\t\t\t<a href=\"https:\/\/ailiperfume.com\/es\/archives\/5121\" >\n\t\t\t\tReflexiones sobre el desarrollo de la industria del perfume tras la Feria de Cant\u00f3n y la Hong Kong Asia Pacific Beauty Expo\t\t\t<\/a>\n\t\t<\/h3>\n\t\t\t\t<div class=\"elementor-post__meta-data\">\n\t\t\t\t\t<span class=\"elementor-post-date\">\n\t\t\t2024-11-25\t\t<\/span>\n\t\t\t\t<span class=\"elementor-post-avatar\">\n\t\t\tNo hay comentarios\t\t<\/span>\n\t\t\t\t<\/div>\n\t\t\t\t<div class=\"elementor-post__excerpt\">\n\t\t\t<p>Sin embargo, la mayor\u00eda de los visitantes de nuestro stand estaban interesados en perfumes personalizados. Ten\u00edan sus propias marcas, preferencias de fragancias espec\u00edficas, dise\u00f1os de frascos y quer\u00edan una duraci\u00f3n espec\u00edfica de la fragancia. Muchos se sintieron atra\u00eddos por el material promocional de nuestra f\u00e1brica.<\/p>\n\t\t<\/div>\n\t\t\n\t\t<a class=\"elementor-post__read-more\" href=\"https:\/\/ailiperfume.com\/es\/archives\/5121\" aria-label=\"M\u00e1s informaci\u00f3n sobre Reflections on the Development of the Perfume Industry After the Canton Fair and Hong Kong Asia Pacific Beauty Expo\" tabindex=\"-1\" >\n\t\t\tLeer M\u00e1s \"\t\t<\/a>\n\n\t\t\t\t<\/div>\n\t\t\t\t<\/article>\n\t\t\t\t<article class=\"elementor-post elementor-grid-item post-5092 post type-post status-publish format-standard has-post-thumbnail hentry category-uncategorized\" role=\"listitem\">\n\t\t\t\t<a class=\"elementor-post__thumbnail__link\" href=\"https:\/\/ailiperfume.com\/es\/archives\/5092\" tabindex=\"-1\" >\n\t\t\t<div class=\"elementor-post__thumbnail\"><img decoding=\"async\" width=\"300\" height=\"200\" src=\"https:\/\/ailiperfume.com\/wp-content\/uploads\/2024\/11\/1-1-300x200.jpg\" class=\"attachment-medium size-medium wp-image-5095\" alt=\"\" srcset=\"https:\/\/ailiperfume.com\/wp-content\/uploads\/2024\/11\/1-1-300x200.jpg 300w, https:\/\/ailiperfume.com\/wp-content\/uploads\/2024\/11\/1-1-18x12.jpg 18w, https:\/\/ailiperfume.com\/wp-content\/uploads\/2024\/11\/1-1.jpg 600w\" sizes=\"(max-width: 300px) 100vw, 300px\" \/><\/div>\n\t\t<\/a>\n\t\t\t\t<div class=\"elementor-post__text\">\n\t\t\t\t<h3 class=\"elementor-post__title\">\n\t\t\t<a href=\"https:\/\/ailiperfume.com\/es\/archives\/5092\" >\n\t\t\t\tResumen de la participaci\u00f3n de Shandong Aili Perfume Factory en la Asia-Pacific Beauty Expo\t\t\t<\/a>\n\t\t<\/h3>\n\t\t\t\t<div class=\"elementor-post__meta-data\">\n\t\t\t\t\t<span class=\"elementor-post-date\">\n\t\t\t2024-11-25\t\t<\/span>\n\t\t\t\t<span class=\"elementor-post-avatar\">\n\t\t\tNo hay comentarios\t\t<\/span>\n\t\t\t\t<\/div>\n\t\t\t\t<div class=\"elementor-post__excerpt\">\n\t\t\t<p>A diferencia de la Feria de Cant\u00f3n, la Asia-Pacific Beauty Expo es una feria no oficial. Se centra en perfumes, eau de parfum, eau de toilette y cosm\u00e9ticos, pero su gesti\u00f3n y organizaci\u00f3n eran menos rigurosas.<\/p>\n\t\t<\/div>\n\t\t\n\t\t<a class=\"elementor-post__read-more\" href=\"https:\/\/ailiperfume.com\/es\/archives\/5092\" aria-label=\"M\u00e1s informaci\u00f3n sobre Summary of Shandong Aili Perfume Factory\u2019s Participation in the Asia-Pacific Beauty Expo\" tabindex=\"-1\" >\n\t\t\tLeer M\u00e1s \"\t\t<\/a>\n\n\t\t\t\t<\/div>\n\t\t\t\t<\/article>\n\t\t\t\t<article class=\"elementor-post elementor-grid-item post-5084 post type-post status-publish format-standard has-post-thumbnail hentry category-uncategorized\" role=\"listitem\">\n\t\t\t\t<a class=\"elementor-post__thumbnail__link\" href=\"https:\/\/ailiperfume.com\/es\/archives\/5084\" tabindex=\"-1\" >\n\t\t\t<div class=\"elementor-post__thumbnail\"><img decoding=\"async\" width=\"300\" height=\"200\" src=\"https:\/\/ailiperfume.com\/wp-content\/uploads\/2024\/11\/7-300x200.jpg\" class=\"attachment-medium size-medium wp-image-5090\" alt=\"\" srcset=\"https:\/\/ailiperfume.com\/wp-content\/uploads\/2024\/11\/7-300x200.jpg 300w, https:\/\/ailiperfume.com\/wp-content\/uploads\/2024\/11\/7-18x12.jpg 18w, https:\/\/ailiperfume.com\/wp-content\/uploads\/2024\/11\/7.jpg 600w\" sizes=\"(max-width: 300px) 100vw, 300px\" \/><\/div>\n\t\t<\/a>\n\t\t\t\t<div class=\"elementor-post__text\">\n\t\t\t\t<h3 class=\"elementor-post__title\">\n\t\t\t<a href=\"https:\/\/ailiperfume.com\/es\/archives\/5084\" >\n\t\t\t\tShandong Aili Cosmetics Co. Particip\u00f3 con \u00e9xito en la 136\u00aa Feria de Cant\u00f3n\t\t\t<\/a>\n\t\t<\/h3>\n\t\t\t\t<div class=\"elementor-post__meta-data\">\n\t\t\t\t\t<span class=\"elementor-post-date\">\n\t\t\t2024-11-25\t\t<\/span>\n\t\t\t\t<span class=\"elementor-post-avatar\">\n\t\t\tNo hay comentarios\t\t<\/span>\n\t\t\t\t<\/div>\n\t\t\t\t<div class=\"elementor-post__excerpt\">\n\t\t\t<p>La Feria de Cant\u00f3n, una plataforma comercial internacional de primer orden, nos brind\u00f3 una excelente oportunidad para mostrar nuestros productos de perfumer\u00eda, incluidas eau de parfum y eau de toilette, a compradores de todo el mundo. Para nuestro debut en este evento a gran escala, nos preparamos meticulosamente seleccionando fragancias destacadas y dise\u00f1ando un atractivo stand con iluminaci\u00f3n y elementos de exposici\u00f3n mejorados. Para ayudar a los compradores a conocer mejor nuestros productos, les proporcionamos tarjetas de visita, im\u00e1genes de los productos, cat\u00e1logos digitales y un sitio web espec\u00edfico en ingl\u00e9s.<\/p>\n\t\t<\/div>\n\t\t\n\t\t<a class=\"elementor-post__read-more\" href=\"https:\/\/ailiperfume.com\/es\/archives\/5084\" aria-label=\"M\u00e1s informaci\u00f3n sobre Shandong Aili Cosmetics Co., Ltd. Successfully Participated in the 136th Canton Fair\" tabindex=\"-1\" >\n\t\t\tLeer M\u00e1s \"\t\t<\/a>\n\n\t\t\t\t<\/div>\n\t\t\t\t<\/article>\n\t\t\t\t<article class=\"elementor-post elementor-grid-item post-1517 post type-post status-publish format-standard has-post-thumbnail hentry category-news-center\" role=\"listitem\">\n\t\t\t\t<a class=\"elementor-post__thumbnail__link\" href=\"https:\/\/ailiperfume.com\/es\/archives\/1517\" tabindex=\"-1\" >\n\t\t\t<div class=\"elementor-post__thumbnail\"><img loading=\"lazy\" decoding=\"async\" width=\"300\" height=\"200\" src=\"https:\/\/ailiperfume.com\/wp-content\/uploads\/2024\/08\/cropped-shot-of-woman-holding-bottle-of-perfume-300x200.jpg\" class=\"attachment-medium size-medium wp-image-142\" alt=\"\" srcset=\"https:\/\/ailiperfume.com\/wp-content\/uploads\/2024\/08\/cropped-shot-of-woman-holding-bottle-of-perfume-300x200.jpg 300w, https:\/\/ailiperfume.com\/wp-content\/uploads\/2024\/08\/cropped-shot-of-woman-holding-bottle-of-perfume-600x401.jpg 600w, https:\/\/ailiperfume.com\/wp-content\/uploads\/2024\/08\/cropped-shot-of-woman-holding-bottle-of-perfume-1024x684.jpg 1024w, https:\/\/ailiperfume.com\/wp-content\/uploads\/2024\/08\/cropped-shot-of-woman-holding-bottle-of-perfume-768x513.jpg 768w, https:\/\/ailiperfume.com\/wp-content\/uploads\/2024\/08\/cropped-shot-of-woman-holding-bottle-of-perfume-1536x1025.jpg 1536w, https:\/\/ailiperfume.com\/wp-content\/uploads\/2024\/08\/cropped-shot-of-woman-holding-bottle-of-perfume-18x12.jpg 18w, https:\/\/ailiperfume.com\/wp-content\/uploads\/2024\/08\/cropped-shot-of-woman-holding-bottle-of-perfume.jpg 2000w\" sizes=\"(max-width: 300px) 100vw, 300px\" \/><\/div>\n\t\t<\/a>\n\t\t\t\t<div class=\"elementor-post__text\">\n\t\t\t\t<h3 class=\"elementor-post__title\">\n\t\t\t<a href=\"https:\/\/ailiperfume.com\/es\/archives\/1517\" >\n\t\t\t\tAili Cosmetics asistir\u00e1 a la Feria de Cant\u00f3n 2024 y a la Hong Kong Asia-Pacific Beauty Expo\t\t\t<\/a>\n\t\t<\/h3>\n\t\t\t\t<div class=\"elementor-post__meta-data\">\n\t\t\t\t\t<span class=\"elementor-post-date\">\n\t\t\t2024-08-27\t\t<\/span>\n\t\t\t\t<span class=\"elementor-post-avatar\">\n\t\t\tNo hay comentarios\t\t<\/span>\n\t\t\t\t<\/div>\n\t\t\t\t<div class=\"elementor-post__excerpt\">\n\t\t\t<p>Para seguir ampliando su negocio de comercio exterior y establecer m\u00e1s asociaciones con clientes de todo el mundo, Shandong Aili Cosmetics Co.<\/p>\n\t\t<\/div>\n\t\t\n\t\t<a class=\"elementor-post__read-more\" href=\"https:\/\/ailiperfume.com\/es\/archives\/1517\" aria-label=\"M\u00e1s informaci\u00f3n sobre Aili Cosmetics will attend the 2024 Canton Fair and Hong Kong Asia-Pacific Beauty Expo\" tabindex=\"-1\" >\n\t\t\tLeer M\u00e1s \"\t\t<\/a>\n\n\t\t\t\t<\/div>\n\t\t\t\t<\/article>\n\t\t\t\t<article class=\"elementor-post elementor-grid-item post-1515 post type-post status-publish format-standard has-post-thumbnail hentry category-news-center\" role=\"listitem\">\n\t\t\t\t<a class=\"elementor-post__thumbnail__link\" href=\"https:\/\/ailiperfume.com\/es\/archives\/1515\" tabindex=\"-1\" >\n\t\t\t<div class=\"elementor-post__thumbnail\"><img loading=\"lazy\" decoding=\"async\" width=\"300\" height=\"200\" src=\"https:\/\/ailiperfume.com\/wp-content\/uploads\/2024\/08\/the-beautiful-long-hair-asian-girl-young-woman-in-shop-supermarket-of-cosmetics-perfumes-duty-free-300x200.jpg\" class=\"attachment-medium size-medium wp-image-159\" alt=\"\" srcset=\"https:\/\/ailiperfume.com\/wp-content\/uploads\/2024\/08\/the-beautiful-long-hair-asian-girl-young-woman-in-shop-supermarket-of-cosmetics-perfumes-duty-free-300x200.jpg 300w, https:\/\/ailiperfume.com\/wp-content\/uploads\/2024\/08\/the-beautiful-long-hair-asian-girl-young-woman-in-shop-supermarket-of-cosmetics-perfumes-duty-free-600x400.jpg 600w, https:\/\/ailiperfume.com\/wp-content\/uploads\/2024\/08\/the-beautiful-long-hair-asian-girl-young-woman-in-shop-supermarket-of-cosmetics-perfumes-duty-free-1024x682.jpg 1024w, https:\/\/ailiperfume.com\/wp-content\/uploads\/2024\/08\/the-beautiful-long-hair-asian-girl-young-woman-in-shop-supermarket-of-cosmetics-perfumes-duty-free-768x512.jpg 768w, https:\/\/ailiperfume.com\/wp-content\/uploads\/2024\/08\/the-beautiful-long-hair-asian-girl-young-woman-in-shop-supermarket-of-cosmetics-perfumes-duty-free-1536x1024.jpg 1536w, https:\/\/ailiperfume.com\/wp-content\/uploads\/2024\/08\/the-beautiful-long-hair-asian-girl-young-woman-in-shop-supermarket-of-cosmetics-perfumes-duty-free-18x12.jpg 18w, https:\/\/ailiperfume.com\/wp-content\/uploads\/2024\/08\/the-beautiful-long-hair-asian-girl-young-woman-in-shop-supermarket-of-cosmetics-perfumes-duty-free.jpg 2000w\" sizes=\"(max-width: 300px) 100vw, 300px\" \/><\/div>\n\t\t<\/a>\n\t\t\t\t<div class=\"elementor-post__text\">\n\t\t\t\t<h3 class=\"elementor-post__title\">\n\t\t\t<a href=\"https:\/\/ailiperfume.com\/es\/archives\/1515\" >\n\t\t\t\tProductos de perfumer\u00eda en el mercado de Oriente Medio Consumo actual y tendencias futuras\t\t\t<\/a>\n\t\t<\/h3>\n\t\t\t\t<div class=\"elementor-post__meta-data\">\n\t\t\t\t\t<span class=\"elementor-post-date\">\n\t\t\t2024-08-27\t\t<\/span>\n\t\t\t\t<span class=\"elementor-post-avatar\">\n\t\t\tNo hay comentarios\t\t<\/span>\n\t\t\t\t<\/div>\n\t\t\t\t<div class=\"elementor-post__excerpt\">\n\t\t\t<p>Shandong Aili Cosmetics Co., Ltd., con a\u00f1os de experiencia en la producci\u00f3n y venta de productos de perfumer\u00eda, comprende la importante posici\u00f3n de<\/p>\n\t\t<\/div>\n\t\t\n\t\t<a class=\"elementor-post__read-more\" href=\"https:\/\/ailiperfume.com\/es\/archives\/1515\" aria-label=\"M\u00e1s informaci\u00f3n sobre Perfume Products in the Middle Eastern Market Current Consumption and Future Trends\" tabindex=\"-1\" >\n\t\t\tLeer M\u00e1s \"\t\t<\/a>\n\n\t\t\t\t<\/div>\n\t\t\t\t<\/article>\n\t\t\t\t<article class=\"elementor-post elementor-grid-item post-1513 post type-post status-publish format-standard has-post-thumbnail hentry category-news-center\" role=\"listitem\">\n\t\t\t\t<a class=\"elementor-post__thumbnail__link\" href=\"https:\/\/ailiperfume.com\/es\/archives\/1513\" tabindex=\"-1\" >\n\t\t\t<div class=\"elementor-post__thumbnail\"><img loading=\"lazy\" decoding=\"async\" width=\"300\" height=\"169\" src=\"https:\/\/ailiperfume.com\/wp-content\/uploads\/2024\/08\/\u5c71\u4e1c\u827e\u4e3d\u5316\u5986\u54c1\u6709\u9650\u516c\u53f8-\u89c6\u9891\u7d20\u6750-402-1-300x169.jpg\" class=\"attachment-medium size-medium wp-image-1275\" alt=\"\" srcset=\"https:\/\/ailiperfume.com\/wp-content\/uploads\/2024\/08\/\u5c71\u4e1c\u827e\u4e3d\u5316\u5986\u54c1\u6709\u9650\u516c\u53f8-\u89c6\u9891\u7d20\u6750-402-1-300x169.jpg 300w, https:\/\/ailiperfume.com\/wp-content\/uploads\/2024\/08\/\u5c71\u4e1c\u827e\u4e3d\u5316\u5986\u54c1\u6709\u9650\u516c\u53f8-\u89c6\u9891\u7d20\u6750-402-1-600x338.jpg 600w, https:\/\/ailiperfume.com\/wp-content\/uploads\/2024\/08\/\u5c71\u4e1c\u827e\u4e3d\u5316\u5986\u54c1\u6709\u9650\u516c\u53f8-\u89c6\u9891\u7d20\u6750-402-1-1024x576.jpg 1024w, https:\/\/ailiperfume.com\/wp-content\/uploads\/2024\/08\/\u5c71\u4e1c\u827e\u4e3d\u5316\u5986\u54c1\u6709\u9650\u516c\u53f8-\u89c6\u9891\u7d20\u6750-402-1-768x432.jpg 768w, https:\/\/ailiperfume.com\/wp-content\/uploads\/2024\/08\/\u5c71\u4e1c\u827e\u4e3d\u5316\u5986\u54c1\u6709\u9650\u516c\u53f8-\u89c6\u9891\u7d20\u6750-402-1-1536x864.jpg 1536w, https:\/\/ailiperfume.com\/wp-content\/uploads\/2024\/08\/\u5c71\u4e1c\u827e\u4e3d\u5316\u5986\u54c1\u6709\u9650\u516c\u53f8-\u89c6\u9891\u7d20\u6750-402-1-18x10.jpg 18w, https:\/\/ailiperfume.com\/wp-content\/uploads\/2024\/08\/\u5c71\u4e1c\u827e\u4e3d\u5316\u5986\u54c1\u6709\u9650\u516c\u53f8-\u89c6\u9891\u7d20\u6750-402-1.jpg 1920w\" sizes=\"(max-width: 300px) 100vw, 300px\" \/><\/div>\n\t\t<\/a>\n\t\t\t\t<div class=\"elementor-post__text\">\n\t\t\t\t<h3 class=\"elementor-post__title\">\n\t\t\t<a href=\"https:\/\/ailiperfume.com\/es\/archives\/1513\" >\n\t\t\t\t\u00bfC\u00f3mo elegir el perfume adecuado para usted?\t\t\t<\/a>\n\t\t<\/h3>\n\t\t\t\t<div class=\"elementor-post__meta-data\">\n\t\t\t\t\t<span class=\"elementor-post-date\">\n\t\t\t2024-08-27\t\t<\/span>\n\t\t\t\t<span class=\"elementor-post-avatar\">\n\t\t\tNo hay comentarios\t\t<\/span>\n\t\t\t\t<\/div>\n\t\t\t\t<div class=\"elementor-post__excerpt\">\n\t\t\t<p>Shandong Aili Cosmetics Co., Ltd. es un fabricante profesional de fragancias de China, que produce diversos perfumes y productos de fragancia desde 1993. Con<\/p>\n\t\t<\/div>\n\t\t\n\t\t<a class=\"elementor-post__read-more\" href=\"https:\/\/ailiperfume.com\/es\/archives\/1513\" aria-label=\"M\u00e1s informaci\u00f3n sobre How to Choose the Right Perfume for Yourself?\" tabindex=\"-1\" >\n\t\t\tLeer M\u00e1s \"\t\t<\/a>\n\n\t\t\t\t<\/div>\n\t\t\t\t<\/article>\n\t\t\t\t<\/div>\n\t\t\n\t\t\t\t\t\t<\/div>\n\t\t\t\t<\/div>\n\t\t\t\t\t<\/div>\n\t\t\t\t<\/div>\n\t\t\t\t<section class=\"elementor-section elementor-top-section elementor-element elementor-element-3c94a654 elementor-section-boxed elementor-section-height-default elementor-section-height-default\" data-id=\"3c94a654\" data-element_type=\"section\" data-e-type=\"section\" data-settings=\"{&quot;background_background&quot;:&quot;classic&quot;}\">\n\t\t\t\t\t\t\t<div class=\"elementor-background-overlay\"><\/div>\n\t\t\t\t\t\t\t<div class=\"elementor-container elementor-column-gap-no\">\n\t\t\t\t\t<div class=\"elementor-column elementor-col-50 elementor-top-column elementor-element elementor-element-72623b58\" data-id=\"72623b58\" data-element_type=\"column\" data-e-type=\"column\">\n\t\t\t<div class=\"elementor-widget-wrap elementor-element-populated\">\n\t\t\t\t\t\t<div class=\"elementor-element elementor-element-3d8a4573 elementor-widget elementor-widget-text-editor\" data-id=\"3d8a4573\" data-element_type=\"widget\" data-e-type=\"widget\" data-widget_type=\"text-editor.default\">\n\t\t\t\t<div class=\"elementor-widget-container\">\n\t\t\t\t\t\t\t\t\tNuestro bolet\u00edn\t\t\t\t\t\t\t\t<\/div>\n\t\t\t\t<\/div>\n\t\t\t\t<div class=\"elementor-element elementor-element-7441f942 elementor-widget elementor-widget-heading\" data-id=\"7441f942\" data-element_type=\"widget\" data-e-type=\"widget\" data-widget_type=\"heading.default\">\n\t\t\t\t<div class=\"elementor-widget-container\">\n\t\t\t\t\t<h2 class=\"elementor-heading-title elementor-size-default\">Suscr\u00edbase a nuestro bolet\u00edn<\/h2>\t\t\t\t<\/div>\n\t\t\t\t<\/div>\n\t\t\t\t\t<\/div>\n\t\t<\/div>\n\t\t\t\t<div class=\"elementor-column elementor-col-50 elementor-top-column elementor-element elementor-element-75b77ca\" data-id=\"75b77ca\" data-element_type=\"column\" data-e-type=\"column\">\n\t\t\t<div class=\"elementor-widget-wrap\">\n\t\t\t\t\t\t\t<\/div>\n\t\t<\/div>\n\t\t\t\t\t<\/div>\n\t\t<\/section>\n\t\t\t\t<\/div>","protected":false},"excerpt":{"rendered":"<p>News Home News Our Newsletter Join Our Newsletter<\/p>","protected":false},"author":1,"featured_media":0,"parent":0,"menu_order":0,"comment_status":"closed","ping_status":"closed","template":"","meta":{"_seopress_robots_primary_cat":"","_seopress_titles_title":"","_seopress_titles_desc":"","_seopress_robots_index":"","site-sidebar-layout":"no-sidebar","site-content-layout":"","ast-site-content-layout":"full-width-container","site-content-style":"default","site-sidebar-style":"default","ast-global-header-display":"","ast-banner-title-visibility":"","ast-main-header-display":"","ast-hfb-above-header-display":"","ast-hfb-below-header-display":"","ast-hfb-mobile-header-display":"","site-post-title":"disabled","ast-breadcrumbs-content":"","ast-featured-img":"disabled","footer-sml-layout":"","ast-disable-related-posts":"","theme-transparent-header-meta":"","adv-header-id-meta":"","stick-header-meta":"","header-above-stick-meta":"","header-main-stick-meta":"","header-below-stick-meta":"","astra-migrate-meta-layouts":"default","ast-page-background-enabled":"default","ast-page-background-meta":{"desktop":{"background-color":"var(--ast-global-color-4)","background-image":"","background-repeat":"repeat","background-position":"center center","background-size":"auto","background-attachment":"scroll","background-type":"","background-media":"","overlay-type":"","overlay-color":"","overlay-opacity":"","overlay-gradient":""},"tablet":{"background-color":"","background-image":"","background-repeat":"repeat","background-position":"center center","background-size":"auto","background-attachment":"scroll","background-type":"","background-media":"","overlay-type":"","overlay-color":"","overlay-opacity":"","overlay-gradient":""},"mobile":{"background-color":"","background-image":"","background-repeat":"repeat","background-position":"center center","background-size":"auto","background-attachment":"scroll","background-type":"","background-media":"","overlay-type":"","overlay-color":"","overlay-opacity":"","overlay-gradient":""}},"ast-content-background-meta":{"desktop":{"background-color":"var(--ast-global-color-5)","background-image":"","background-repeat":"repeat","background-position":"center center","background-size":"auto","background-attachment":"scroll","background-type":"","background-media":"","overlay-type":"","overlay-color":"","overlay-opacity":"","overlay-gradient":""},"tablet":{"background-color":"var(--ast-global-color-5)","background-image":"","background-repeat":"repeat","background-position":"center center","background-size":"auto","background-attachment":"scroll","background-type":"","background-media":"","overlay-type":"","overlay-color":"","overlay-opacity":"","overlay-gradient":""},"mobile":{"background-color":"var(--ast-global-color-5)","background-image":"","background-repeat":"repeat","background-position":"center center","background-size":"auto","background-attachment":"scroll","background-type":"","background-media":"","overlay-type":"","overlay-color":"","overlay-opacity":"","overlay-gradient":""}},"footnotes":""},"class_list":["post-188","page","type-page","status-publish","hentry"],"jetpack_sharing_enabled":true,"_links":{"self":[{"href":"https:\/\/ailiperfume.com\/es\/wp-json\/wp\/v2\/pages\/188","targetHints":{"allow":["GET"]}}],"collection":[{"href":"https:\/\/ailiperfume.com\/es\/wp-json\/wp\/v2\/pages"}],"about":[{"href":"https:\/\/ailiperfume.com\/es\/wp-json\/wp\/v2\/types\/page"}],"author":[{"embeddable":true,"href":"https:\/\/ailiperfume.com\/es\/wp-json\/wp\/v2\/users\/1"}],"replies":[{"embeddable":true,"href":"https:\/\/ailiperfume.com\/es\/wp-json\/wp\/v2\/comments?post=188"}],"version-history":[{"count":13,"href":"https:\/\/ailiperfume.com\/es\/wp-json\/wp\/v2\/pages\/188\/revisions"}],"predecessor-version":[{"id":2451,"href":"https:\/\/ailiperfume.com\/es\/wp-json\/wp\/v2\/pages\/188\/revisions\/2451"}],"wp:attachment":[{"href":"https:\/\/ailiperfume.com\/es\/wp-json\/wp\/v2\/media?parent=188"}],"curies":[{"name":"wp","href":"https:\/\/api.w.org\/{rel}","templated":true}]}}